{"id":188,"date":"2026-02-15T12:37:53","date_gmt":"2026-02-15T12:37:53","guid":{"rendered":"https:\/\/vulsun.com\/?page_id=188"},"modified":"2026-02-15T15:34:43","modified_gmt":"2026-02-15T15:34:43","slug":"mentions-legales","status":"publish","type":"page","link":"https:\/\/www.vulsun.com\/es\/mentions-legales\/","title":{"rendered":"Aviso legal"},"content":{"rendered":"<h2 class=\"wp-block-heading has-text-align-center\">Aviso legal<\/h2>\n\n\n\n<h6 class=\"wp-block-heading has-text-align-center\">En vigueur au 04\/11\/2024<\/h6>\n\n\n\n<figure class=\"wp-block-image size-large\"><img loading=\"lazy\" decoding=\"async\" width=\"1024\" height=\"26\" src=\"https:\/\/vulsun.com\/wp-content\/uploads\/2026\/02\/Design-sans-titre-2-1024x26.png\" alt=\"\" class=\"wp-image-117\" srcset=\"https:\/\/www.vulsun.com\/wp-content\/uploads\/2026\/02\/Design-sans-titre-2-1024x26.png 1024w, https:\/\/www.vulsun.com\/wp-content\/uploads\/2026\/02\/Design-sans-titre-2-300x8.png 300w, https:\/\/www.vulsun.com\/wp-content\/uploads\/2026\/02\/Design-sans-titre-2-768x19.png 768w, https:\/\/www.vulsun.com\/wp-content\/uploads\/2026\/02\/Design-sans-titre-2-1536x38.png 1536w, https:\/\/www.vulsun.com\/wp-content\/uploads\/2026\/02\/Design-sans-titre-2.png 2000w\" sizes=\"auto, (max-width: 1024px) 100vw, 1024px\" \/><\/figure>\n\n\n\n<p>Conform\u00e9ment aux dispositions de la loi n\u00b02004-575 du 21 juin 2004 pour la Confiance dans l\u2019\u00e9conomie num\u00e9rique, il est port\u00e9 \u00e0 la connaissance des utilisateurs du site <a href=\"http:\/\/www.vulsun.com\/es\/\" data-type=\"link\" data-id=\"www.vulsun.com\">www.vulsun.com<\/a> (ci-apr\u00e8s le \u00ab Site \u00bb) les pr\u00e9sentes mentions l\u00e9gales.<\/p>\n\n\n\n<p>La connexion et la navigation sur le Site impliquent l\u2019acceptation int\u00e9grale et sans r\u00e9serve des pr\u00e9sentes mentions l\u00e9gales.<\/p>\n\n\n\n<figure class=\"wp-block-image size-large\"><img loading=\"lazy\" decoding=\"async\" width=\"1024\" height=\"26\" src=\"https:\/\/vulsun.com\/wp-content\/uploads\/2026\/02\/Design-sans-titre-2-1024x26.png\" alt=\"\" class=\"wp-image-117\" srcset=\"https:\/\/www.vulsun.com\/wp-content\/uploads\/2026\/02\/Design-sans-titre-2-1024x26.png 1024w, https:\/\/www.vulsun.com\/wp-content\/uploads\/2026\/02\/Design-sans-titre-2-300x8.png 300w, https:\/\/www.vulsun.com\/wp-content\/uploads\/2026\/02\/Design-sans-titre-2-768x19.png 768w, https:\/\/www.vulsun.com\/wp-content\/uploads\/2026\/02\/Design-sans-titre-2-1536x38.png 1536w, https:\/\/www.vulsun.com\/wp-content\/uploads\/2026\/02\/Design-sans-titre-2.png 2000w\" sizes=\"auto, (max-width: 1024px) 100vw, 1024px\" \/><\/figure>\n\n\n\n<ol class=\"wp-block-list\">\n<li><strong>\u00c9DITEUR DU SITE<\/strong><\/li>\n<\/ol>\n\n\n\n<p>Le Site est \u00e9dit\u00e9 par :<\/p>\n\n\n\n<p><strong>Maxime WULLUS<br><\/strong>Entreprise individuelle (Micro-entreprise)<br>Si\u00e8ge social : 59310 ORCHIES, France<br>SIRET : \u202d87952571500030\u202c<\/p>\n\n\n\n<p>Email : maxime.wullus@gmail.com<br>T\u00e9l\u00e9phone : 06 45 92 21 61<\/p>\n\n\n\n<p>Directeur de la publication : Maxime WULLUS<\/p>\n\n\n\n<ol start=\"2\" class=\"wp-block-list\">\n<li><strong>H\u00c9BERGEMENT<\/strong><\/li>\n<\/ol>\n\n\n\n<p>Le Site est h\u00e9berg\u00e9 par :<\/p>\n\n\n\n<p><strong>Hostinger International Ltd.<br><\/strong>61 Lordou Vironos Street<br>6023 Larnaca<br>Chypre<br>Site web : <a href=\"https:\/\/www.hostinger.com\">https:\/\/www.hostinger.com<\/a><\/p>\n\n\n\n<ol start=\"3\" class=\"wp-block-list\">\n<li><strong>ACC\u00c8S AU SITE<\/strong><\/li>\n<\/ol>\n\n\n\n<p>Le Site est accessible \u00e0 tout moment. Toutefois, l\u2019\u00c9diteur pourra suspendre, limiter ou interrompre l\u2019acc\u00e8s au Site afin de proc\u00e9der \u00e0 des mises \u00e0 jour ou modifications.<\/p>\n\n\n\n<p>L\u2019\u00c9diteur ne pourra \u00eatre tenu responsable des cons\u00e9quences \u00e9ventuelles de cette indisponibilit\u00e9.<\/p>\n\n\n\n<ol start=\"4\" class=\"wp-block-list\">\n<li><strong>PROPRI\u00c9T\u00c9 INTELLECTUELLE<\/strong><\/li>\n<\/ol>\n\n\n\n<p>L\u2019ensemble des \u00e9l\u00e9ments pr\u00e9sents sur le Site (textes, images, vid\u00e9os, logos, graphismes, contenus audiovisuels, etc.) sont prot\u00e9g\u00e9s par le Code de la propri\u00e9t\u00e9 intellectuelle.<\/p>\n\n\n\n<p>Toute reproduction, repr\u00e9sentation, modification, publication ou adaptation, totale ou partielle, sans autorisation \u00e9crite pr\u00e9alable de l\u2019\u00c9diteur est interdite.<\/p>\n\n\n\n<ol start=\"5\" class=\"wp-block-list\">\n<li><strong>RESPONSABILIT\u00c9<\/strong><\/li>\n<\/ol>\n\n\n\n<p>Les informations diffus\u00e9es sur le Site sont fournies \u00e0 titre indicatif et peuvent \u00e9voluer.<\/p>\n\n\n\n<p>L\u2019\u00c9diteur ne pourra \u00eatre tenu responsable des dommages directs ou indirects r\u00e9sultant de l\u2019utilisation du Site ou de l\u2019impossibilit\u00e9 d\u2019y acc\u00e9der.<\/p>\n\n\n\n<ol start=\"6\" class=\"wp-block-list\">\n<li><strong>DONN\u00c9ES PERSONNELLES<\/strong><\/li>\n<\/ol>\n\n\n\n<p>Le Site peut collecter certaines donn\u00e9es personnelles via son formulaire de contact.<\/p>\n\n\n\n<p>Les donn\u00e9es collect\u00e9es sont uniquement destin\u00e9es \u00e0 r\u00e9pondre aux demandes des utilisateurs et ne sont en aucun cas revendues \u00e0 des tiers.<\/p>\n\n\n\n<p>Conform\u00e9ment au R\u00e8glement G\u00e9n\u00e9ral sur la Protection des Donn\u00e9es (RGPD), l\u2019Utilisateur dispose d\u2019un droit :<\/p>\n\n\n\n<ul class=\"wp-block-list\">\n<li>d\u2019acc\u00e8s<\/li>\n\n\n\n<li>de rectification<\/li>\n\n\n\n<li>d\u2019effacement<\/li>\n\n\n\n<li>d\u2019opposition<\/li>\n\n\n\n<li>de limitation du traitement<\/li>\n<\/ul>\n\n\n\n<p>Toute demande peut \u00eatre adress\u00e9e \u00e0 : maxime.wullus@gmail.com<\/p>\n\n\n\n<p>Les donn\u00e9es sont conserv\u00e9es pour une dur\u00e9e strictement n\u00e9cessaire au traitement de la demande.<\/p>\n\n\n\n<ol start=\"7\" class=\"wp-block-list\">\n<li><strong>COOKIES<\/strong><\/li>\n<\/ol>\n\n\n\n<p>Le Site peut utiliser des cookies \u00e0 des fins de mesure d\u2019audience ou d\u2019am\u00e9lioration de l\u2019exp\u00e9rience utilisateur.<\/p>\n\n\n\n<p>L\u2019Utilisateur peut configurer son navigateur pour refuser tout ou partie des cookies.<\/p>\n\n\n\n<p>Un bandeau d\u2019information peut \u00eatre affich\u00e9 lors de la premi\u00e8re visite du Site.<\/p>","protected":false},"excerpt":{"rendered":"<p>Mentions l\u00e9gales En vigueur au 04\/11\/2024 Conform\u00e9ment aux dispositions de la loi n\u00b02004-575 du 21 juin 2004 pour la Confiance [&hellip;]<\/p>\n","protected":false},"author":1,"featured_media":0,"parent":0,"menu_order":5,"comment_status":"closed","ping_status":"closed","template":"","meta":{"_uag_custom_page_level_css":"","site-sidebar-layout":"default","site-content-layout":"","ast-site-content-layout":"default","site-content-style":"default","site-sidebar-style":"default","ast-global-header-display":"","ast-banner-title-visibility":"","ast-main-header-display":"","ast-hfb-above-header-display":"","ast-hfb-below-header-display":"","ast-hfb-mobile-header-display":"","site-post-title":"disabled","ast-breadcrumbs-content":"","ast-featured-img":"","footer-sml-layout":"","ast-disable-related-posts":"","theme-transparent-header-meta":"","adv-header-id-meta":"","stick-header-meta":"","header-above-stick-meta":"","header-main-stick-meta":"","header-below-stick-meta":"","astra-migrate-meta-layouts":"default","ast-page-background-enabled":"default","ast-page-background-meta":{"desktop":{"background-color":"var(--ast-global-color-5)","background-image":"","background-repeat":"repeat","background-position":"center center","background-size":"auto","background-attachment":"scroll","background-type":"","background-media":"","overlay-type":"","overlay-color":"","overlay-opacity":"","overlay-gradient":""},"tablet":{"background-color":"","background-image":"","background-repeat":"repeat","background-position":"center center","background-size":"auto","background-attachment":"scroll","background-type":"","background-media":"","overlay-type":"","overlay-color":"","overlay-opacity":"","overlay-gradient":""},"mobile":{"background-color":"","background-image":"","background-repeat":"repeat","background-position":"center center","background-size":"auto","background-attachment":"scroll","background-type":"","background-media":"","overlay-type":"","overlay-color":"","overlay-opacity":"","overlay-gradient":""}},"ast-content-background-meta":{"desktop":{"background-color":"var(--ast-global-color-4)","background-image":"","background-repeat":"repeat","background-position":"center center","background-size":"auto","background-attachment":"scroll","background-type":"","background-media":"","overlay-type":"","overlay-color":"","overlay-opacity":"","overlay-gradient":""},"tablet":{"background-color":"var(--ast-global-color-4)","background-image":"","background-repeat":"repeat","background-position":"center center","background-size":"auto","background-attachment":"scroll","background-type":"","background-media":"","overlay-type":"","overlay-color":"","overlay-opacity":"","overlay-gradient":""},"mobile":{"background-color":"var(--ast-global-color-4)","background-image":"","background-repeat":"repeat","background-position":"center center","background-size":"auto","background-attachment":"scroll","background-type":"","background-media":"","overlay-type":"","overlay-color":"","overlay-opacity":"","overlay-gradient":""}},"footnotes":""},"class_list":["post-188","page","type-page","status-publish","hentry"],"spectra_custom_meta":{"_edit_lock":["1772190472:1"],"_uag_custom_page_level_css":[""],"site-sidebar-layout":["default"],"site-content-layout":[""],"ast-site-content-layout":["default"],"site-content-style":["default"],"site-sidebar-style":["default"],"ast-global-header-display":[""],"ast-banner-title-visibility":[""],"ast-main-header-display":[""],"ast-hfb-above-header-display":[""],"ast-hfb-below-header-display":[""],"ast-hfb-mobile-header-display":[""],"site-post-title":["disabled"],"ast-breadcrumbs-content":[""],"ast-featured-img":[""],"footer-sml-layout":[""],"ast-disable-related-posts":[""],"theme-transparent-header-meta":[""],"adv-header-id-meta":[""],"stick-header-meta":[""],"header-above-stick-meta":[""],"header-main-stick-meta":[""],"header-below-stick-meta":[""],"astra-migrate-meta-layouts":["default"],"ast-page-background-enabled":["default"],"ast-page-background-meta":["a:3:{s:7:\"desktop\";a:12:{s:16:\"background-color\";s:25:\"var(--ast-global-color-5)\";s:16:\"background-image\";s:0:\"\";s:17:\"background-repeat\";s:6:\"repeat\";s:19:\"background-position\";s:13:\"center center\";s:15:\"background-size\";s:4:\"auto\";s:21:\"background-attachment\";s:6:\"scroll\";s:15:\"background-type\";s:0:\"\";s:16:\"background-media\";s:0:\"\";s:12:\"overlay-type\";s:0:\"\";s:13:\"overlay-color\";s:0:\"\";s:15:\"overlay-opacity\";s:0:\"\";s:16:\"overlay-gradient\";s:0:\"\";}s:6:\"tablet\";a:12:{s:16:\"background-color\";s:0:\"\";s:16:\"background-image\";s:0:\"\";s:17:\"background-repeat\";s:6:\"repeat\";s:19:\"background-position\";s:13:\"center center\";s:15:\"background-size\";s:4:\"auto\";s:21:\"background-attachment\";s:6:\"scroll\";s:15:\"background-type\";s:0:\"\";s:16:\"background-media\";s:0:\"\";s:12:\"overlay-type\";s:0:\"\";s:13:\"overlay-color\";s:0:\"\";s:15:\"overlay-opacity\";s:0:\"\";s:16:\"overlay-gradient\";s:0:\"\";}s:6:\"mobile\";a:12:{s:16:\"background-color\";s:0:\"\";s:16:\"background-image\";s:0:\"\";s:17:\"background-repeat\";s:6:\"repeat\";s:19:\"background-position\";s:13:\"center center\";s:15:\"background-size\";s:4:\"auto\";s:21:\"background-attachment\";s:6:\"scroll\";s:15:\"background-type\";s:0:\"\";s:16:\"background-media\";s:0:\"\";s:12:\"overlay-type\";s:0:\"\";s:13:\"overlay-color\";s:0:\"\";s:15:\"overlay-opacity\";s:0:\"\";s:16:\"overlay-gradient\";s:0:\"\";}}"],"ast-content-background-meta":["a:3:{s:7:\"desktop\";a:12:{s:16:\"background-color\";s:25:\"var(--ast-global-color-4)\";s:16:\"background-image\";s:0:\"\";s:17:\"background-repeat\";s:6:\"repeat\";s:19:\"background-position\";s:13:\"center center\";s:15:\"background-size\";s:4:\"auto\";s:21:\"background-attachment\";s:6:\"scroll\";s:15:\"background-type\";s:0:\"\";s:16:\"background-media\";s:0:\"\";s:12:\"overlay-type\";s:0:\"\";s:13:\"overlay-color\";s:0:\"\";s:15:\"overlay-opacity\";s:0:\"\";s:16:\"overlay-gradient\";s:0:\"\";}s:6:\"tablet\";a:12:{s:16:\"background-color\";s:25:\"var(--ast-global-color-4)\";s:16:\"background-image\";s:0:\"\";s:17:\"background-repeat\";s:6:\"repeat\";s:19:\"background-position\";s:13:\"center center\";s:15:\"background-size\";s:4:\"auto\";s:21:\"background-attachment\";s:6:\"scroll\";s:15:\"background-type\";s:0:\"\";s:16:\"background-media\";s:0:\"\";s:12:\"overlay-type\";s:0:\"\";s:13:\"overlay-color\";s:0:\"\";s:15:\"overlay-opacity\";s:0:\"\";s:16:\"overlay-gradient\";s:0:\"\";}s:6:\"mobile\";a:12:{s:16:\"background-color\";s:25:\"var(--ast-global-color-4)\";s:16:\"background-image\";s:0:\"\";s:17:\"background-repeat\";s:6:\"repeat\";s:19:\"background-position\";s:13:\"center center\";s:15:\"background-size\";s:4:\"auto\";s:21:\"background-attachment\";s:6:\"scroll\";s:15:\"background-type\";s:0:\"\";s:16:\"background-media\";s:0:\"\";s:12:\"overlay-type\";s:0:\"\";s:13:\"overlay-color\";s:0:\"\";s:15:\"overlay-opacity\";s:0:\"\";s:16:\"overlay-gradient\";s:0:\"\";}}"],"footnotes":[""],"_edit_last":["1"],"_xswphp_all_hidden":[""],"_xswphp_always":["Hide form pages list everywhere"],"_uag_css_file_name":["uag-css-188.css"],"_uag_page_assets":["a:9:{s:3:\"css\";s:263:\".uag-blocks-common-selector{z-index:var(--z-index-desktop) !important}@media (max-width: 976px){.uag-blocks-common-selector{z-index:var(--z-index-tablet) !important}}@media (max-width: 767px){.uag-blocks-common-selector{z-index:var(--z-index-mobile) !important}}\n\";s:2:\"js\";s:0:\"\";s:18:\"current_block_list\";a:11:{i:0;s:12:\"core\/heading\";i:1;s:10:\"core\/image\";i:2;s:14:\"core\/paragraph\";i:3;s:9:\"core\/list\";i:4;s:14:\"core\/list-item\";i:5;s:11:\"core\/search\";i:6;s:10:\"core\/group\";i:7;s:17:\"core\/latest-posts\";i:8;s:20:\"core\/latest-comments\";i:9;s:13:\"core\/archives\";i:10;s:15:\"core\/categories\";}s:8:\"uag_flag\";b:0;s:11:\"uag_version\";s:10:\"1775878413\";s:6:\"gfonts\";a:0:{}s:10:\"gfonts_url\";s:0:\"\";s:12:\"gfonts_files\";a:0:{}s:14:\"uag_faq_layout\";b:0;}"]},"uagb_featured_image_src":{"full":false,"thumbnail":false,"medium":false,"medium_large":false,"large":false,"1536x1536":false,"2048x2048":false,"trp-custom-language-flag":false},"uagb_author_info":{"display_name":"vulsunfilms@gmail.com","author_link":"https:\/\/www.vulsun.com\/es\/author\/vulsunfilmsgmail-com\/"},"uagb_comment_info":0,"uagb_excerpt":"Mentions l\u00e9gales En vigueur au 04\/11\/2024 Conform\u00e9ment aux dispositions de la loi n\u00b02004-575 du 21 juin 2004 pour la Confiance [&hellip;]","_links":{"self":[{"href":"https:\/\/www.vulsun.com\/es\/wp-json\/wp\/v2\/pages\/188","targetHints":{"allow":["GET"]}}],"collection":[{"href":"https:\/\/www.vulsun.com\/es\/wp-json\/wp\/v2\/pages"}],"about":[{"href":"https:\/\/www.vulsun.com\/es\/wp-json\/wp\/v2\/types\/page"}],"author":[{"embeddable":true,"href":"https:\/\/www.vulsun.com\/es\/wp-json\/wp\/v2\/users\/1"}],"replies":[{"embeddable":true,"href":"https:\/\/www.vulsun.com\/es\/wp-json\/wp\/v2\/comments?post=188"}],"version-history":[{"count":8,"href":"https:\/\/www.vulsun.com\/es\/wp-json\/wp\/v2\/pages\/188\/revisions"}],"predecessor-version":[{"id":297,"href":"https:\/\/www.vulsun.com\/es\/wp-json\/wp\/v2\/pages\/188\/revisions\/297"}],"wp:attachment":[{"href":"https:\/\/www.vulsun.com\/es\/wp-json\/wp\/v2\/media?parent=188"}],"curies":[{"name":"wp","href":"https:\/\/api.w.org\/{rel}","templated":true}]}}